{"id":1754,"date":"2017-07-17T15:37:31","date_gmt":"2017-07-17T13:37:31","guid":{"rendered":"http:\/\/www.kita-storchennest.ch\/site\/?page_id=1754"},"modified":"2024-06-25T11:55:18","modified_gmt":"2024-06-25T09:55:18","slug":"betriebskonzept","status":"publish","type":"page","link":"https:\/\/www.kita-storchennest.ch\/site\/betriebskonzept\/","title":{"rendered":"Betriebskonzept"},"content":{"rendered":"<p>&nbsp;<\/p>\n<p><strong>Version: 06\/24<\/strong><\/p>\n<p><strong>Autor: Mich\u00e8le Reisinger<\/strong><\/p>\n<p><strong>Ort, Datum: Grossaffoltern, 25.06.2024<\/strong><\/p>\n<h1>Vorwort und Zielgruppe<\/h1>\n<p>Die Kita wird vom Verein KiTa Storchennest Grossaffoltern betrieben. Sie ist politisch sowie religi\u00f6s neutral. Die KiTa ist am Gutscheinsystem vom Kanton Bern angeschlossen.<\/p>\n<p>Das vorliegende Konzept dient als Grundlage f\u00fcr die Betriebsbewilligung. Zus\u00e4tzlich k\u00f6nnen sich Eltern, Beh\u00f6rden und weitere Interessierte \u00fcber unsere organisatorischen Rahmenbedingungen informieren.<\/p>\n<p>Die p\u00e4dagogischen Richtlinien sind im p\u00e4dagogischen Konzept festgehalten.<\/p>\n<h1>Sinn und Zweck<\/h1>\n<p>Der Verein KiTa Storchennest bietet eine professionelle Tagesbetreuung f\u00fcr Kinder im Alter von 3 Monaten bis zum Kindergarten an. Zus\u00e4tzlich bietet die Kita spezielle Pl\u00e4tze f\u00fcr Kinder mit besonderen Bed\u00fcrfnissen an. Sie leistet somit einen Beitrag zur Akzeptanz und Integration von Kindern, welche aufgrund ihrer k\u00f6rperlichen, geistigen oder famili\u00e4ren Vorgeschichte beeintr\u00e4chtigt sind. Die ausserfamili\u00e4re Tagesbetreuung in der Kita steht allen Kindern offen. Ein Grund, weshalb das Kind in der Kindertagesst\u00e4tte betreut werden soll, muss nicht genannt werden.<\/p>\n<h1>Name<\/h1>\n<p>KiTa Storchennest<\/p>\n<h1>Zielgruppe<\/h1>\n<p>Kinder ab 3 Monaten bis und mit zum 1. Kindergartenjahr<\/p>\n<h1>Betreuungspl\u00e4tze<\/h1>\n<p>Wir bieten gesamthaft 18 Betreuungspl\u00e4tze an. Babys bis 12 Monate und Kinder mit besonderen Bed\u00fcrfnissen ben\u00f6tigen 1.5 Pl\u00e4tze.<\/p>\n<h1>Kinder mit besonderen Bed\u00fcrfnissen<\/h1>\n<p>Max. zwei Pl\u00e4tze sind f\u00fcr Kinder mit besonderen Bed\u00fcrfnissen reserviert. Dabei werden die Kinder in den Alltag und die Gemeinschaft integriert. Es wird eine aktive Zusammenarbeit mit den involvierten Therapeuten und \u00c4mtern angestrebt.<\/p>\n<h1>Betreuungsangebot<\/h1>\n<p>1\/1 Tag: 6.45-18.05<\/p>\n<p>\u00be Tag : 6.45-14.00 oder 11:20-18.05<\/p>\n<p>\u00bd Tag ohne Mittagessen: 6.45-11.20 oder 14.00-18.05<\/p>\n<p>\u00bd Tag mit Mittagessen: 6.45-12.05<\/p>\n<p>Blockzeiten: vormittags von 9.00-11.20, nachmittags von 14.00-16.00<\/p>\n<p>Mindestanwesenheit: Die Mindestanwesenheitszeit betr\u00e4gt 20%, respektive 15% bei Kindergartenkindern.<\/p>\n<h1>\u00d6ffnungszeiten<\/h1>\n<p>Pro Tag:&nbsp;&nbsp;&nbsp;&nbsp;&nbsp;&nbsp;&nbsp;&nbsp;&nbsp; 6.45 bis 18.15 Uhr, Montag bis Freitag<\/p>\n<p>Pro Jahr:&nbsp;&nbsp;&nbsp;&nbsp;&nbsp;&nbsp;&nbsp;&nbsp; Mind. 235 Tage pro Jahr ge\u00f6ffnet,<\/p>\n<p>2-3 Wochen Betriebsferien<\/p>\n<p>An Feiertagen ist die KiTa geschlossen.<\/p>\n<p>Den Freitag nach Auffahrt ist die KiTa geschlossen.<\/p>\n<p>Zus\u00e4tzlich schliesst die KiTa an 3-5 Tagen im Jahr f\u00fcr Weiterbildungen und Teamtage<\/p>\n<h1>Ort<\/h1>\n<p>Wengistrasse 7, 3257 Grossaffoltern (Vorimholz)<\/p>\n<h1>Tr\u00e4gerschaft<\/h1>\n<p>Verein Kita Storchennest Grossaffoltern<\/p>\n<h1 style=\"text-align: center;\">Organigramm<\/h1>\n<p style=\"text-align: center;\">Vereinsversammlung<\/p>\n<p style=\"text-align: center;\">|<\/p>\n<p style=\"text-align: center;\">Vorstand<\/p>\n<p style=\"text-align: center;\">|<\/p>\n<p style=\"text-align: center;\">Betriebsleitung<\/p>\n<p style=\"text-align: center;\">|<\/p>\n<p style=\"text-align: center;\">Gruppenleitung<\/p>\n<p style=\"text-align: center;\">|<\/p>\n<p style=\"text-align: center;\">Fachpersonal \/ Lernende HF<\/p>\n<p style=\"text-align: center;\">|<\/p>\n<p style=\"text-align: center;\">Ungelerntes Personal \/ Lernende EFZ<\/p>\n<h1>Personalbedarf<\/h1>\n<p>Der Personalbedarf wird anhand des Stellenschl\u00fcssels des Kantons berechnet. Nach M\u00f6glichkeit ist eine Person mit einer sozial- oder heilp\u00e4dagogischen Ausbildung im Team.<\/p>\n<h1>Essen<\/h1>\n<p>Gesunde, saisonale, kindergerechte Mahlzeiten werden von unserem ausgebildeten K\u00fcchenpersonal in der betriebseigenen K\u00fcche zubereitet. Auf spezielle W\u00fcnsche wird eingegangen. (Allergien, Unvertr\u00e4glichkeiten).Wir verf\u00fcgen \u00fcber das Ern\u00e4hrungslabel Fourchette verte.<\/p>\n<h1>Elternzusammenarbeit<\/h1>\n<p>Die Eltern sind die Profis, wenn es um ihre Kinder geht. Daher ist eine gute Kommunikation und Zusammenarbeit zwischen der Kita und den Eltern notwendig. Den T\u00fcr- und Angelgespr\u00e4chen wird dabei eine besondere Beachtung geschenkt. Wir f\u00fchren verschiedene Tageb\u00fccher, um Besonderheiten der Kinder zu erfassen und teilen Beobachtungen am Abend den Eltern mit. Zus\u00e4tzlich findet j\u00e4hrlich ein freiwilliges Austauschgespr\u00e4ch mit den Eltern statt, welches bei Bedarf, jederzeit und von beiden Seiten gew\u00fcnscht werden kann. Um den Austausch unter den Eltern zu f\u00f6rdern, organisieren wir regelm\u00e4ssig Elternanl\u00e4sse.<\/p>\n<h1>Finanzierung der KiTa<\/h1>\n<p>Elternbeitr\u00e4ge, Beitr\u00e4ge der Gemeinde und des Kantons, Spenden.<\/p>\n<p>Die aktuellen Tarife sind jeweils auf dem Tarifblatt ersichtlich.<\/p>\n<h1>\u00dcberpr\u00fcfung der Qualit\u00e4t<\/h1>\n<p>An Teamretraiten werden mit externen Fachpersonen unsere Qualit\u00e4tsmerkmale \u00fcberpr\u00fcft und ggf. angepasst. Als Richtlinie gilt der Orientierungsrahmen f\u00fcr Fr\u00fchkindliche Bildung, Betreuung und Erziehung in der Schweiz und die Vorgaben des Kantons.<\/p>\n<p>&nbsp;<\/p>\n<p>&nbsp;<\/p>\n","protected":false},"excerpt":{"rendered":"<p>&nbsp; Version: 06\/24 Autor: Mich\u00e8le Reisinger Ort, Datum: Grossaffoltern, 25.06.2024 Vorwort und Zielgruppe Die Kita wird vom Verein KiTa Storchennest Grossaffoltern betrieben. Sie ist politisch sowie religi\u00f6s neutral. Die KiTa ist am Gutscheinsystem vom Kanton Bern angeschlossen. Das vorliegende Konzept dient als Grundlage f\u00fcr die Betriebsbewilligung. Zus\u00e4tzlich k\u00f6nnen sich Eltern, Beh\u00f6rden und weitere Interessierte \u00fcber &hellip; <\/p>\n<p class=\"link-more\"><a href=\"https:\/\/www.kita-storchennest.ch\/site\/betriebskonzept\/\" class=\"more-link\"><span class=\"screen-reader-text\">\u201eBetriebskonzept\u201c <\/span>weiterlesen<\/a><\/p>\n","protected":false},"author":2,"featured_media":0,"parent":0,"menu_order":0,"comment_status":"closed","ping_status":"closed","template":"","meta":{"ngg_post_thumbnail":0,"footnotes":""},"class_list":["post-1754","page","type-page","status-publish","hentry"],"yoast_head":"<!-- This site is optimized with the Yoast SEO plugin v27.5 - https:\/\/yoast.com\/product\/yoast-seo-wordpress\/ -->\n<title>Betriebskonzept &#187; Kita Storchennest Grossaffoltern<\/title>\n<meta name=\"robots\" content=\"index, follow, max-snippet:-1, max-image-preview:large, max-video-preview:-1\" \/>\n<link rel=\"canonical\" href=\"https:\/\/www.kita-storchennest.ch\/site\/betriebskonzept\/\" \/>\n<meta property=\"og:locale\" content=\"de_DE\" \/>\n<meta property=\"og:type\" content=\"article\" \/>\n<meta property=\"og:title\" content=\"Betriebskonzept &#187; Kita Storchennest Grossaffoltern\" \/>\n<meta property=\"og:description\" content=\"&nbsp; Version: 06\/24 Autor: Mich\u00e8le Reisinger Ort, Datum: Grossaffoltern, 25.06.2024 Vorwort und Zielgruppe Die Kita wird vom Verein KiTa Storchennest Grossaffoltern betrieben. Sie ist politisch sowie religi\u00f6s neutral. Die KiTa ist am Gutscheinsystem vom Kanton Bern angeschlossen. Das vorliegende Konzept dient als Grundlage f\u00fcr die Betriebsbewilligung. Zus\u00e4tzlich k\u00f6nnen sich Eltern, Beh\u00f6rden und weitere Interessierte \u00fcber &hellip; \u201eBetriebskonzept\u201c weiterlesen\" \/>\n<meta property=\"og:url\" content=\"https:\/\/www.kita-storchennest.ch\/site\/betriebskonzept\/\" \/>\n<meta property=\"og:site_name\" content=\"Kita Storchennest Grossaffoltern\" \/>\n<meta property=\"article:modified_time\" content=\"2024-06-25T09:55:18+00:00\" \/>\n<meta name=\"twitter:card\" content=\"summary_large_image\" \/>\n<meta name=\"twitter:label1\" content=\"Gesch\u00e4tzte Lesezeit\" \/>\n\t<meta name=\"twitter:data1\" content=\"3\u00a0Minuten\" \/>\n<script type=\"application\/ld+json\" class=\"yoast-schema-graph\">{\"@context\":\"https:\\\/\\\/schema.org\",\"@graph\":[{\"@type\":\"WebPage\",\"@id\":\"https:\\\/\\\/www.kita-storchennest.ch\\\/site\\\/betriebskonzept\\\/\",\"url\":\"https:\\\/\\\/www.kita-storchennest.ch\\\/site\\\/betriebskonzept\\\/\",\"name\":\"Betriebskonzept &#187; Kita Storchennest Grossaffoltern\",\"isPartOf\":{\"@id\":\"https:\\\/\\\/www.kita-storchennest.ch\\\/site\\\/#website\"},\"datePublished\":\"2017-07-17T13:37:31+00:00\",\"dateModified\":\"2024-06-25T09:55:18+00:00\",\"breadcrumb\":{\"@id\":\"https:\\\/\\\/www.kita-storchennest.ch\\\/site\\\/betriebskonzept\\\/#breadcrumb\"},\"inLanguage\":\"de\",\"potentialAction\":[{\"@type\":\"ReadAction\",\"target\":[\"https:\\\/\\\/www.kita-storchennest.ch\\\/site\\\/betriebskonzept\\\/\"]}]},{\"@type\":\"BreadcrumbList\",\"@id\":\"https:\\\/\\\/www.kita-storchennest.ch\\\/site\\\/betriebskonzept\\\/#breadcrumb\",\"itemListElement\":[{\"@type\":\"ListItem\",\"position\":1,\"name\":\"Startseite\",\"item\":\"https:\\\/\\\/www.kita-storchennest.ch\\\/site\\\/\"},{\"@type\":\"ListItem\",\"position\":2,\"name\":\"Betriebskonzept\"}]},{\"@type\":\"WebSite\",\"@id\":\"https:\\\/\\\/www.kita-storchennest.ch\\\/site\\\/#website\",\"url\":\"https:\\\/\\\/www.kita-storchennest.ch\\\/site\\\/\",\"name\":\"Kita Storchennest Grossaffoltern\",\"description\":\"Wengistrasse 7, 3257 Grossaffoltern\",\"publisher\":{\"@id\":\"https:\\\/\\\/www.kita-storchennest.ch\\\/site\\\/#organization\"},\"potentialAction\":[{\"@type\":\"SearchAction\",\"target\":{\"@type\":\"EntryPoint\",\"urlTemplate\":\"https:\\\/\\\/www.kita-storchennest.ch\\\/site\\\/?s={search_term_string}\"},\"query-input\":{\"@type\":\"PropertyValueSpecification\",\"valueRequired\":true,\"valueName\":\"search_term_string\"}}],\"inLanguage\":\"de\"},{\"@type\":\"Organization\",\"@id\":\"https:\\\/\\\/www.kita-storchennest.ch\\\/site\\\/#organization\",\"name\":\"Kita Storchennest, Grossalffoltern\",\"url\":\"https:\\\/\\\/www.kita-storchennest.ch\\\/site\\\/\",\"logo\":{\"@type\":\"ImageObject\",\"inLanguage\":\"de\",\"@id\":\"https:\\\/\\\/www.kita-storchennest.ch\\\/site\\\/#\\\/schema\\\/logo\\\/image\\\/\",\"url\":\"https:\\\/\\\/www.kita-storchennest.ch\\\/site\\\/wp-content\\\/uploads\\\/2022\\\/12\\\/cropped-Storchennest-1.jpg\",\"contentUrl\":\"https:\\\/\\\/www.kita-storchennest.ch\\\/site\\\/wp-content\\\/uploads\\\/2022\\\/12\\\/cropped-Storchennest-1.jpg\",\"width\":512,\"height\":512,\"caption\":\"Kita Storchennest, Grossalffoltern\"},\"image\":{\"@id\":\"https:\\\/\\\/www.kita-storchennest.ch\\\/site\\\/#\\\/schema\\\/logo\\\/image\\\/\"}}]}<\/script>\n<!-- \/ Yoast SEO plugin. -->","yoast_head_json":{"title":"Betriebskonzept &#187; Kita Storchennest Grossaffoltern","robots":{"index":"index","follow":"follow","max-snippet":"max-snippet:-1","max-image-preview":"max-image-preview:large","max-video-preview":"max-video-preview:-1"},"canonical":"https:\/\/www.kita-storchennest.ch\/site\/betriebskonzept\/","og_locale":"de_DE","og_type":"article","og_title":"Betriebskonzept &#187; Kita Storchennest Grossaffoltern","og_description":"&nbsp; Version: 06\/24 Autor: Mich\u00e8le Reisinger Ort, Datum: Grossaffoltern, 25.06.2024 Vorwort und Zielgruppe Die Kita wird vom Verein KiTa Storchennest Grossaffoltern betrieben. Sie ist politisch sowie religi\u00f6s neutral. Die KiTa ist am Gutscheinsystem vom Kanton Bern angeschlossen. Das vorliegende Konzept dient als Grundlage f\u00fcr die Betriebsbewilligung. Zus\u00e4tzlich k\u00f6nnen sich Eltern, Beh\u00f6rden und weitere Interessierte \u00fcber &hellip; \u201eBetriebskonzept\u201c weiterlesen","og_url":"https:\/\/www.kita-storchennest.ch\/site\/betriebskonzept\/","og_site_name":"Kita Storchennest Grossaffoltern","article_modified_time":"2024-06-25T09:55:18+00:00","twitter_card":"summary_large_image","twitter_misc":{"Gesch\u00e4tzte Lesezeit":"3\u00a0Minuten"},"schema":{"@context":"https:\/\/schema.org","@graph":[{"@type":"WebPage","@id":"https:\/\/www.kita-storchennest.ch\/site\/betriebskonzept\/","url":"https:\/\/www.kita-storchennest.ch\/site\/betriebskonzept\/","name":"Betriebskonzept &#187; Kita Storchennest Grossaffoltern","isPartOf":{"@id":"https:\/\/www.kita-storchennest.ch\/site\/#website"},"datePublished":"2017-07-17T13:37:31+00:00","dateModified":"2024-06-25T09:55:18+00:00","breadcrumb":{"@id":"https:\/\/www.kita-storchennest.ch\/site\/betriebskonzept\/#breadcrumb"},"inLanguage":"de","potentialAction":[{"@type":"ReadAction","target":["https:\/\/www.kita-storchennest.ch\/site\/betriebskonzept\/"]}]},{"@type":"BreadcrumbList","@id":"https:\/\/www.kita-storchennest.ch\/site\/betriebskonzept\/#breadcrumb","itemListElement":[{"@type":"ListItem","position":1,"name":"Startseite","item":"https:\/\/www.kita-storchennest.ch\/site\/"},{"@type":"ListItem","position":2,"name":"Betriebskonzept"}]},{"@type":"WebSite","@id":"https:\/\/www.kita-storchennest.ch\/site\/#website","url":"https:\/\/www.kita-storchennest.ch\/site\/","name":"Kita Storchennest Grossaffoltern","description":"Wengistrasse 7, 3257 Grossaffoltern","publisher":{"@id":"https:\/\/www.kita-storchennest.ch\/site\/#organization"},"potentialAction":[{"@type":"SearchAction","target":{"@type":"EntryPoint","urlTemplate":"https:\/\/www.kita-storchennest.ch\/site\/?s={search_term_string}"},"query-input":{"@type":"PropertyValueSpecification","valueRequired":true,"valueName":"search_term_string"}}],"inLanguage":"de"},{"@type":"Organization","@id":"https:\/\/www.kita-storchennest.ch\/site\/#organization","name":"Kita Storchennest, Grossalffoltern","url":"https:\/\/www.kita-storchennest.ch\/site\/","logo":{"@type":"ImageObject","inLanguage":"de","@id":"https:\/\/www.kita-storchennest.ch\/site\/#\/schema\/logo\/image\/","url":"https:\/\/www.kita-storchennest.ch\/site\/wp-content\/uploads\/2022\/12\/cropped-Storchennest-1.jpg","contentUrl":"https:\/\/www.kita-storchennest.ch\/site\/wp-content\/uploads\/2022\/12\/cropped-Storchennest-1.jpg","width":512,"height":512,"caption":"Kita Storchennest, Grossalffoltern"},"image":{"@id":"https:\/\/www.kita-storchennest.ch\/site\/#\/schema\/logo\/image\/"}}]}},"_links":{"self":[{"href":"https:\/\/www.kita-storchennest.ch\/site\/wp-json\/wp\/v2\/pages\/1754","targetHints":{"allow":["GET"]}}],"collection":[{"href":"https:\/\/www.kita-storchennest.ch\/site\/wp-json\/wp\/v2\/pages"}],"about":[{"href":"https:\/\/www.kita-storchennest.ch\/site\/wp-json\/wp\/v2\/types\/page"}],"author":[{"embeddable":true,"href":"https:\/\/www.kita-storchennest.ch\/site\/wp-json\/wp\/v2\/users\/2"}],"replies":[{"embeddable":true,"href":"https:\/\/www.kita-storchennest.ch\/site\/wp-json\/wp\/v2\/comments?post=1754"}],"version-history":[{"count":4,"href":"https:\/\/www.kita-storchennest.ch\/site\/wp-json\/wp\/v2\/pages\/1754\/revisions"}],"predecessor-version":[{"id":2834,"href":"https:\/\/www.kita-storchennest.ch\/site\/wp-json\/wp\/v2\/pages\/1754\/revisions\/2834"}],"wp:attachment":[{"href":"https:\/\/www.kita-storchennest.ch\/site\/wp-json\/wp\/v2\/media?parent=1754"}],"curies":[{"name":"wp","href":"https:\/\/api.w.org\/{rel}","templated":true}]}}