{"id":1824,"date":"2017-08-14T16:11:18","date_gmt":"2017-08-14T14:11:18","guid":{"rendered":"http:\/\/www.kita-storchennest.ch\/site\/?page_id=1824"},"modified":"2025-12-08T17:28:23","modified_gmt":"2025-12-08T16:28:23","slug":"schnupperpraktika","status":"publish","type":"page","link":"https:\/\/www.kita-storchennest.ch\/site\/schnupperpraktika\/","title":{"rendered":"Schnupperpraktika"},"content":{"rendered":"<p>Schnupperpraktika sind f\u00fcr die Berufswahl unerl\u00e4sslich und wir unterst\u00fctzen diese im Rahmen unserer M\u00f6glichkeiten. Kinder ben\u00f6tigen in ihrer Entwicklung eine gewisse Konstanz und Best\u00e4ndigkeit. Sei dies beim Tagesablauf oder bei den Bezugspersonen. Nur kurze und viele Schnuppereis\u00e4tze irritieren die Kinder. Aus diesem Grund bieten wir zweimal J\u00e4hrlich eine Schnupperwoche an. Somit k\u00f6nnen wir gew\u00e4hrleisten, dass die Kinder nicht \u00fcberfordert werden.<\/p>\n<p>F\u00fcr die Schnupperpraktika kann man sich per Mail mit einem Steckbrief bewerben. So haben wir alle relevanten Infos sofort beisammen.&nbsp;<\/p>\n<p>Inhalt Steckbrief: Name \/ Adresse \/ Geburtsdatum \/ Klasse \/ eigene Telefonnummer \/ Name und Telefonnummer der Eltern oder Erziehungsberechtigten<\/p>\n<p>Freie Schnupperpraktika:&nbsp;<\/p>\n<p>Fr\u00fchlingsferien 26<\/p>\n<p>Herbstferien 26<\/p>\n<p>&nbsp;<\/p>\n<p>&nbsp;<\/p>\n<p>&nbsp;<\/p>\n<p>&nbsp;<\/p>\n","protected":false},"excerpt":{"rendered":"<p>Schnupperpraktika sind f\u00fcr die Berufswahl unerl\u00e4sslich und wir unterst\u00fctzen diese im Rahmen unserer M\u00f6glichkeiten. Kinder ben\u00f6tigen in ihrer Entwicklung eine gewisse Konstanz und Best\u00e4ndigkeit. Sei dies beim Tagesablauf oder bei den Bezugspersonen. Nur kurze und viele Schnuppereis\u00e4tze irritieren die Kinder. Aus diesem Grund bieten wir zweimal J\u00e4hrlich eine Schnupperwoche an. Somit k\u00f6nnen wir gew\u00e4hrleisten, dass &hellip; <\/p>\n<p class=\"link-more\"><a href=\"https:\/\/www.kita-storchennest.ch\/site\/schnupperpraktika\/\" class=\"more-link\"><span class=\"screen-reader-text\">\u201eSchnupperpraktika\u201c <\/span>weiterlesen<\/a><\/p>\n","protected":false},"author":2,"featured_media":0,"parent":0,"menu_order":0,"comment_status":"closed","ping_status":"closed","template":"","meta":{"ngg_post_thumbnail":0,"footnotes":""},"class_list":["post-1824","page","type-page","status-publish","hentry"],"yoast_head":"<!-- This site is optimized with the Yoast SEO plugin v27.5 - https:\/\/yoast.com\/product\/yoast-seo-wordpress\/ -->\n<title>Schnupperpraktika &#187; Kita Storchennest Grossaffoltern<\/title>\n<meta name=\"robots\" content=\"index, follow, max-snippet:-1, max-image-preview:large, max-video-preview:-1\" \/>\n<link rel=\"canonical\" href=\"https:\/\/www.kita-storchennest.ch\/site\/schnupperpraktika\/\" \/>\n<meta property=\"og:locale\" content=\"de_DE\" \/>\n<meta property=\"og:type\" content=\"article\" \/>\n<meta property=\"og:title\" content=\"Schnupperpraktika &#187; Kita Storchennest Grossaffoltern\" \/>\n<meta property=\"og:description\" content=\"Schnupperpraktika sind f\u00fcr die Berufswahl unerl\u00e4sslich und wir unterst\u00fctzen diese im Rahmen unserer M\u00f6glichkeiten. Kinder ben\u00f6tigen in ihrer Entwicklung eine gewisse Konstanz und Best\u00e4ndigkeit. Sei dies beim Tagesablauf oder bei den Bezugspersonen. Nur kurze und viele Schnuppereis\u00e4tze irritieren die Kinder. Aus diesem Grund bieten wir zweimal J\u00e4hrlich eine Schnupperwoche an. Somit k\u00f6nnen wir gew\u00e4hrleisten, dass &hellip; \u201eSchnupperpraktika\u201c weiterlesen\" \/>\n<meta property=\"og:url\" content=\"https:\/\/www.kita-storchennest.ch\/site\/schnupperpraktika\/\" \/>\n<meta property=\"og:site_name\" content=\"Kita Storchennest Grossaffoltern\" \/>\n<meta property=\"article:modified_time\" content=\"2025-12-08T16:28:23+00:00\" \/>\n<meta name=\"twitter:card\" content=\"summary_large_image\" \/>\n<meta name=\"twitter:label1\" content=\"Gesch\u00e4tzte Lesezeit\" \/>\n\t<meta name=\"twitter:data1\" content=\"1\u00a0Minute\" \/>\n<script type=\"application\/ld+json\" class=\"yoast-schema-graph\">{\"@context\":\"https:\\\/\\\/schema.org\",\"@graph\":[{\"@type\":\"WebPage\",\"@id\":\"https:\\\/\\\/www.kita-storchennest.ch\\\/site\\\/schnupperpraktika\\\/\",\"url\":\"https:\\\/\\\/www.kita-storchennest.ch\\\/site\\\/schnupperpraktika\\\/\",\"name\":\"Schnupperpraktika &#187; Kita Storchennest Grossaffoltern\",\"isPartOf\":{\"@id\":\"https:\\\/\\\/www.kita-storchennest.ch\\\/site\\\/#website\"},\"datePublished\":\"2017-08-14T14:11:18+00:00\",\"dateModified\":\"2025-12-08T16:28:23+00:00\",\"breadcrumb\":{\"@id\":\"https:\\\/\\\/www.kita-storchennest.ch\\\/site\\\/schnupperpraktika\\\/#breadcrumb\"},\"inLanguage\":\"de\",\"potentialAction\":[{\"@type\":\"ReadAction\",\"target\":[\"https:\\\/\\\/www.kita-storchennest.ch\\\/site\\\/schnupperpraktika\\\/\"]}]},{\"@type\":\"BreadcrumbList\",\"@id\":\"https:\\\/\\\/www.kita-storchennest.ch\\\/site\\\/schnupperpraktika\\\/#breadcrumb\",\"itemListElement\":[{\"@type\":\"ListItem\",\"position\":1,\"name\":\"Startseite\",\"item\":\"https:\\\/\\\/www.kita-storchennest.ch\\\/site\\\/\"},{\"@type\":\"ListItem\",\"position\":2,\"name\":\"Schnupperpraktika\"}]},{\"@type\":\"WebSite\",\"@id\":\"https:\\\/\\\/www.kita-storchennest.ch\\\/site\\\/#website\",\"url\":\"https:\\\/\\\/www.kita-storchennest.ch\\\/site\\\/\",\"name\":\"Kita Storchennest Grossaffoltern\",\"description\":\"Wengistrasse 7, 3257 Grossaffoltern\",\"publisher\":{\"@id\":\"https:\\\/\\\/www.kita-storchennest.ch\\\/site\\\/#organization\"},\"potentialAction\":[{\"@type\":\"SearchAction\",\"target\":{\"@type\":\"EntryPoint\",\"urlTemplate\":\"https:\\\/\\\/www.kita-storchennest.ch\\\/site\\\/?s={search_term_string}\"},\"query-input\":{\"@type\":\"PropertyValueSpecification\",\"valueRequired\":true,\"valueName\":\"search_term_string\"}}],\"inLanguage\":\"de\"},{\"@type\":\"Organization\",\"@id\":\"https:\\\/\\\/www.kita-storchennest.ch\\\/site\\\/#organization\",\"name\":\"Kita Storchennest, Grossalffoltern\",\"url\":\"https:\\\/\\\/www.kita-storchennest.ch\\\/site\\\/\",\"logo\":{\"@type\":\"ImageObject\",\"inLanguage\":\"de\",\"@id\":\"https:\\\/\\\/www.kita-storchennest.ch\\\/site\\\/#\\\/schema\\\/logo\\\/image\\\/\",\"url\":\"https:\\\/\\\/www.kita-storchennest.ch\\\/site\\\/wp-content\\\/uploads\\\/2022\\\/12\\\/cropped-Storchennest-1.jpg\",\"contentUrl\":\"https:\\\/\\\/www.kita-storchennest.ch\\\/site\\\/wp-content\\\/uploads\\\/2022\\\/12\\\/cropped-Storchennest-1.jpg\",\"width\":512,\"height\":512,\"caption\":\"Kita Storchennest, Grossalffoltern\"},\"image\":{\"@id\":\"https:\\\/\\\/www.kita-storchennest.ch\\\/site\\\/#\\\/schema\\\/logo\\\/image\\\/\"}}]}<\/script>\n<!-- \/ Yoast SEO plugin. -->","yoast_head_json":{"title":"Schnupperpraktika &#187; Kita Storchennest Grossaffoltern","robots":{"index":"index","follow":"follow","max-snippet":"max-snippet:-1","max-image-preview":"max-image-preview:large","max-video-preview":"max-video-preview:-1"},"canonical":"https:\/\/www.kita-storchennest.ch\/site\/schnupperpraktika\/","og_locale":"de_DE","og_type":"article","og_title":"Schnupperpraktika &#187; Kita Storchennest Grossaffoltern","og_description":"Schnupperpraktika sind f\u00fcr die Berufswahl unerl\u00e4sslich und wir unterst\u00fctzen diese im Rahmen unserer M\u00f6glichkeiten. Kinder ben\u00f6tigen in ihrer Entwicklung eine gewisse Konstanz und Best\u00e4ndigkeit. Sei dies beim Tagesablauf oder bei den Bezugspersonen. Nur kurze und viele Schnuppereis\u00e4tze irritieren die Kinder. Aus diesem Grund bieten wir zweimal J\u00e4hrlich eine Schnupperwoche an. Somit k\u00f6nnen wir gew\u00e4hrleisten, dass &hellip; \u201eSchnupperpraktika\u201c weiterlesen","og_url":"https:\/\/www.kita-storchennest.ch\/site\/schnupperpraktika\/","og_site_name":"Kita Storchennest Grossaffoltern","article_modified_time":"2025-12-08T16:28:23+00:00","twitter_card":"summary_large_image","twitter_misc":{"Gesch\u00e4tzte Lesezeit":"1\u00a0Minute"},"schema":{"@context":"https:\/\/schema.org","@graph":[{"@type":"WebPage","@id":"https:\/\/www.kita-storchennest.ch\/site\/schnupperpraktika\/","url":"https:\/\/www.kita-storchennest.ch\/site\/schnupperpraktika\/","name":"Schnupperpraktika &#187; Kita Storchennest Grossaffoltern","isPartOf":{"@id":"https:\/\/www.kita-storchennest.ch\/site\/#website"},"datePublished":"2017-08-14T14:11:18+00:00","dateModified":"2025-12-08T16:28:23+00:00","breadcrumb":{"@id":"https:\/\/www.kita-storchennest.ch\/site\/schnupperpraktika\/#breadcrumb"},"inLanguage":"de","potentialAction":[{"@type":"ReadAction","target":["https:\/\/www.kita-storchennest.ch\/site\/schnupperpraktika\/"]}]},{"@type":"BreadcrumbList","@id":"https:\/\/www.kita-storchennest.ch\/site\/schnupperpraktika\/#breadcrumb","itemListElement":[{"@type":"ListItem","position":1,"name":"Startseite","item":"https:\/\/www.kita-storchennest.ch\/site\/"},{"@type":"ListItem","position":2,"name":"Schnupperpraktika"}]},{"@type":"WebSite","@id":"https:\/\/www.kita-storchennest.ch\/site\/#website","url":"https:\/\/www.kita-storchennest.ch\/site\/","name":"Kita Storchennest Grossaffoltern","description":"Wengistrasse 7, 3257 Grossaffoltern","publisher":{"@id":"https:\/\/www.kita-storchennest.ch\/site\/#organization"},"potentialAction":[{"@type":"SearchAction","target":{"@type":"EntryPoint","urlTemplate":"https:\/\/www.kita-storchennest.ch\/site\/?s={search_term_string}"},"query-input":{"@type":"PropertyValueSpecification","valueRequired":true,"valueName":"search_term_string"}}],"inLanguage":"de"},{"@type":"Organization","@id":"https:\/\/www.kita-storchennest.ch\/site\/#organization","name":"Kita Storchennest, Grossalffoltern","url":"https:\/\/www.kita-storchennest.ch\/site\/","logo":{"@type":"ImageObject","inLanguage":"de","@id":"https:\/\/www.kita-storchennest.ch\/site\/#\/schema\/logo\/image\/","url":"https:\/\/www.kita-storchennest.ch\/site\/wp-content\/uploads\/2022\/12\/cropped-Storchennest-1.jpg","contentUrl":"https:\/\/www.kita-storchennest.ch\/site\/wp-content\/uploads\/2022\/12\/cropped-Storchennest-1.jpg","width":512,"height":512,"caption":"Kita Storchennest, Grossalffoltern"},"image":{"@id":"https:\/\/www.kita-storchennest.ch\/site\/#\/schema\/logo\/image\/"}}]}},"_links":{"self":[{"href":"https:\/\/www.kita-storchennest.ch\/site\/wp-json\/wp\/v2\/pages\/1824","targetHints":{"allow":["GET"]}}],"collection":[{"href":"https:\/\/www.kita-storchennest.ch\/site\/wp-json\/wp\/v2\/pages"}],"about":[{"href":"https:\/\/www.kita-storchennest.ch\/site\/wp-json\/wp\/v2\/types\/page"}],"author":[{"embeddable":true,"href":"https:\/\/www.kita-storchennest.ch\/site\/wp-json\/wp\/v2\/users\/2"}],"replies":[{"embeddable":true,"href":"https:\/\/www.kita-storchennest.ch\/site\/wp-json\/wp\/v2\/comments?post=1824"}],"version-history":[{"count":5,"href":"https:\/\/www.kita-storchennest.ch\/site\/wp-json\/wp\/v2\/pages\/1824\/revisions"}],"predecessor-version":[{"id":2919,"href":"https:\/\/www.kita-storchennest.ch\/site\/wp-json\/wp\/v2\/pages\/1824\/revisions\/2919"}],"wp:attachment":[{"href":"https:\/\/www.kita-storchennest.ch\/site\/wp-json\/wp\/v2\/media?parent=1824"}],"curies":[{"name":"wp","href":"https:\/\/api.w.org\/{rel}","templated":true}]}}