{"id":49,"date":"2015-01-24T21:05:15","date_gmt":"2015-01-24T21:05:15","guid":{"rendered":"http:\/\/www.kita-storchennest.ch\/site\/?page_id=49"},"modified":"2025-07-29T08:22:59","modified_gmt":"2025-07-29T06:22:59","slug":"tarife","status":"publish","type":"page","link":"https:\/\/www.kita-storchennest.ch\/site\/tarife\/","title":{"rendered":"Tarife"},"content":{"rendered":"\n<p><br><\/p>\n\n\n\n<p>Auf dem Tarifreglement ist der Vollkostenbeitrag ersichtlich. Betreuungsgutscheine, Gutschriften etc. werden individuell abgezogen. Eltern ohne Gutschein bezahlen den Vollkostentarif. <\/p>\n\n\n\n<p>Eltern k\u00f6nnen sich auf www.kibon.ch registrieren und einen Betreuungsgutschein beantragen. Dieser wird individuell auf die finanziellen Verh\u00e4ltnisse angepasst. Um einen Gutschein zu beantragen, ben\u00f6tigen sie einen best\u00e4tigten Platz in einer Kita. Der Gutschein wird direkt an die Kita ausbezahlt und die Eltern erhalten eine angepasste Rechnung. <\/p>\n\n\n\n<p>Wir sind uns bewusst, dass unsere Tarife hoch sind und das Familienbudget stark beanspruchen. F\u00fcr uns steht aber die Betreuungsqualit\u00e4t im Vordergrund. So verf\u00fcgen wir stets \u00fcber mehr Personal als der Kanton vorgibt. Team- und Einzelweiterbildungen stehen regelm\u00e4ssig auf dem Programm. Teammitgliedern ohne p\u00e4dagogische Ausbildung erm\u00f6glichen wir Kurse und Weiterbildungen wie Spielgruppenleitung, Betreuungsassistenz oder Validierungsverfahren zur Fachperson Betreuung. So k\u00f6nnen wir die Betreuungsqualit\u00e4t in unserer Kita verbessern und gleichzeitig dem Fachkr\u00e4ftemangel entgegenwirken. Zus\u00e4tzlich ist es uns wichtig, dass alle Teammitglieder fair entlohnt werden. Dies alles spiegelt sich im Betreuungstarif.<\/p>\n\n\n<p><a href=\"https:\/\/www.kita-storchennest.ch\/site\/wp-content\/uploads\/2024\/07\/Tarifreglement-Kita-Storchennest-ab-01.08.2024.pdf\">Tarifreglement Kita Storchennest ab 01.08.2024<\/a><\/p>\n<p>&nbsp;<\/p>\n\n\n<p><\/p>\n\n\n\n<p><\/p>\n\n\n\n<p><\/p>\n","protected":false},"excerpt":{"rendered":"<p>Auf dem Tarifreglement ist der Vollkostenbeitrag ersichtlich. Betreuungsgutscheine, Gutschriften etc. werden individuell abgezogen. Eltern ohne Gutschein bezahlen den Vollkostentarif. Eltern k\u00f6nnen sich auf www.kibon.ch registrieren und einen Betreuungsgutschein beantragen. Dieser wird individuell auf die finanziellen Verh\u00e4ltnisse angepasst. Um einen Gutschein zu beantragen, ben\u00f6tigen sie einen best\u00e4tigten Platz in einer Kita. Der Gutschein wird direkt an &hellip; <\/p>\n<p class=\"link-more\"><a href=\"https:\/\/www.kita-storchennest.ch\/site\/tarife\/\" class=\"more-link\"><span class=\"screen-reader-text\">\u201eTarife\u201c <\/span>weiterlesen<\/a><\/p>\n","protected":false},"author":1,"featured_media":0,"parent":0,"menu_order":0,"comment_status":"closed","ping_status":"closed","template":"","meta":{"ngg_post_thumbnail":0,"footnotes":""},"class_list":["post-49","page","type-page","status-publish","hentry"],"yoast_head":"<!-- This site is optimized with the Yoast SEO plugin v27.5 - https:\/\/yoast.com\/product\/yoast-seo-wordpress\/ -->\n<title>Tarife &#187; Kita Storchennest Grossaffoltern<\/title>\n<meta name=\"robots\" content=\"index, follow, max-snippet:-1, max-image-preview:large, max-video-preview:-1\" \/>\n<link rel=\"canonical\" href=\"https:\/\/www.kita-storchennest.ch\/site\/tarife\/\" \/>\n<meta property=\"og:locale\" content=\"de_DE\" \/>\n<meta property=\"og:type\" content=\"article\" \/>\n<meta property=\"og:title\" content=\"Tarife &#187; Kita Storchennest Grossaffoltern\" \/>\n<meta property=\"og:description\" content=\"Auf dem Tarifreglement ist der Vollkostenbeitrag ersichtlich. Betreuungsgutscheine, Gutschriften etc. werden individuell abgezogen. Eltern ohne Gutschein bezahlen den Vollkostentarif. Eltern k\u00f6nnen sich auf www.kibon.ch registrieren und einen Betreuungsgutschein beantragen. Dieser wird individuell auf die finanziellen Verh\u00e4ltnisse angepasst. Um einen Gutschein zu beantragen, ben\u00f6tigen sie einen best\u00e4tigten Platz in einer Kita. Der Gutschein wird direkt an &hellip; \u201eTarife\u201c weiterlesen\" \/>\n<meta property=\"og:url\" content=\"https:\/\/www.kita-storchennest.ch\/site\/tarife\/\" \/>\n<meta property=\"og:site_name\" content=\"Kita Storchennest Grossaffoltern\" \/>\n<meta property=\"article:modified_time\" content=\"2025-07-29T06:22:59+00:00\" \/>\n<meta name=\"twitter:card\" content=\"summary_large_image\" \/>\n<meta name=\"twitter:label1\" content=\"Gesch\u00e4tzte Lesezeit\" \/>\n\t<meta name=\"twitter:data1\" content=\"1\u00a0Minute\" \/>\n<script type=\"application\/ld+json\" class=\"yoast-schema-graph\">{\"@context\":\"https:\\\/\\\/schema.org\",\"@graph\":[{\"@type\":\"WebPage\",\"@id\":\"https:\\\/\\\/www.kita-storchennest.ch\\\/site\\\/tarife\\\/\",\"url\":\"https:\\\/\\\/www.kita-storchennest.ch\\\/site\\\/tarife\\\/\",\"name\":\"Tarife &#187; Kita Storchennest Grossaffoltern\",\"isPartOf\":{\"@id\":\"https:\\\/\\\/www.kita-storchennest.ch\\\/site\\\/#website\"},\"datePublished\":\"2015-01-24T21:05:15+00:00\",\"dateModified\":\"2025-07-29T06:22:59+00:00\",\"breadcrumb\":{\"@id\":\"https:\\\/\\\/www.kita-storchennest.ch\\\/site\\\/tarife\\\/#breadcrumb\"},\"inLanguage\":\"de\",\"potentialAction\":[{\"@type\":\"ReadAction\",\"target\":[\"https:\\\/\\\/www.kita-storchennest.ch\\\/site\\\/tarife\\\/\"]}]},{\"@type\":\"BreadcrumbList\",\"@id\":\"https:\\\/\\\/www.kita-storchennest.ch\\\/site\\\/tarife\\\/#breadcrumb\",\"itemListElement\":[{\"@type\":\"ListItem\",\"position\":1,\"name\":\"Startseite\",\"item\":\"https:\\\/\\\/www.kita-storchennest.ch\\\/site\\\/\"},{\"@type\":\"ListItem\",\"position\":2,\"name\":\"Tarife\"}]},{\"@type\":\"WebSite\",\"@id\":\"https:\\\/\\\/www.kita-storchennest.ch\\\/site\\\/#website\",\"url\":\"https:\\\/\\\/www.kita-storchennest.ch\\\/site\\\/\",\"name\":\"Kita Storchennest Grossaffoltern\",\"description\":\"Wengistrasse 7, 3257 Grossaffoltern\",\"publisher\":{\"@id\":\"https:\\\/\\\/www.kita-storchennest.ch\\\/site\\\/#organization\"},\"potentialAction\":[{\"@type\":\"SearchAction\",\"target\":{\"@type\":\"EntryPoint\",\"urlTemplate\":\"https:\\\/\\\/www.kita-storchennest.ch\\\/site\\\/?s={search_term_string}\"},\"query-input\":{\"@type\":\"PropertyValueSpecification\",\"valueRequired\":true,\"valueName\":\"search_term_string\"}}],\"inLanguage\":\"de\"},{\"@type\":\"Organization\",\"@id\":\"https:\\\/\\\/www.kita-storchennest.ch\\\/site\\\/#organization\",\"name\":\"Kita Storchennest, Grossalffoltern\",\"url\":\"https:\\\/\\\/www.kita-storchennest.ch\\\/site\\\/\",\"logo\":{\"@type\":\"ImageObject\",\"inLanguage\":\"de\",\"@id\":\"https:\\\/\\\/www.kita-storchennest.ch\\\/site\\\/#\\\/schema\\\/logo\\\/image\\\/\",\"url\":\"https:\\\/\\\/www.kita-storchennest.ch\\\/site\\\/wp-content\\\/uploads\\\/2022\\\/12\\\/cropped-Storchennest-1.jpg\",\"contentUrl\":\"https:\\\/\\\/www.kita-storchennest.ch\\\/site\\\/wp-content\\\/uploads\\\/2022\\\/12\\\/cropped-Storchennest-1.jpg\",\"width\":512,\"height\":512,\"caption\":\"Kita Storchennest, Grossalffoltern\"},\"image\":{\"@id\":\"https:\\\/\\\/www.kita-storchennest.ch\\\/site\\\/#\\\/schema\\\/logo\\\/image\\\/\"}}]}<\/script>\n<!-- \/ Yoast SEO plugin. -->","yoast_head_json":{"title":"Tarife &#187; Kita Storchennest Grossaffoltern","robots":{"index":"index","follow":"follow","max-snippet":"max-snippet:-1","max-image-preview":"max-image-preview:large","max-video-preview":"max-video-preview:-1"},"canonical":"https:\/\/www.kita-storchennest.ch\/site\/tarife\/","og_locale":"de_DE","og_type":"article","og_title":"Tarife &#187; Kita Storchennest Grossaffoltern","og_description":"Auf dem Tarifreglement ist der Vollkostenbeitrag ersichtlich. Betreuungsgutscheine, Gutschriften etc. werden individuell abgezogen. Eltern ohne Gutschein bezahlen den Vollkostentarif. Eltern k\u00f6nnen sich auf www.kibon.ch registrieren und einen Betreuungsgutschein beantragen. Dieser wird individuell auf die finanziellen Verh\u00e4ltnisse angepasst. Um einen Gutschein zu beantragen, ben\u00f6tigen sie einen best\u00e4tigten Platz in einer Kita. Der Gutschein wird direkt an &hellip; \u201eTarife\u201c weiterlesen","og_url":"https:\/\/www.kita-storchennest.ch\/site\/tarife\/","og_site_name":"Kita Storchennest Grossaffoltern","article_modified_time":"2025-07-29T06:22:59+00:00","twitter_card":"summary_large_image","twitter_misc":{"Gesch\u00e4tzte Lesezeit":"1\u00a0Minute"},"schema":{"@context":"https:\/\/schema.org","@graph":[{"@type":"WebPage","@id":"https:\/\/www.kita-storchennest.ch\/site\/tarife\/","url":"https:\/\/www.kita-storchennest.ch\/site\/tarife\/","name":"Tarife &#187; Kita Storchennest Grossaffoltern","isPartOf":{"@id":"https:\/\/www.kita-storchennest.ch\/site\/#website"},"datePublished":"2015-01-24T21:05:15+00:00","dateModified":"2025-07-29T06:22:59+00:00","breadcrumb":{"@id":"https:\/\/www.kita-storchennest.ch\/site\/tarife\/#breadcrumb"},"inLanguage":"de","potentialAction":[{"@type":"ReadAction","target":["https:\/\/www.kita-storchennest.ch\/site\/tarife\/"]}]},{"@type":"BreadcrumbList","@id":"https:\/\/www.kita-storchennest.ch\/site\/tarife\/#breadcrumb","itemListElement":[{"@type":"ListItem","position":1,"name":"Startseite","item":"https:\/\/www.kita-storchennest.ch\/site\/"},{"@type":"ListItem","position":2,"name":"Tarife"}]},{"@type":"WebSite","@id":"https:\/\/www.kita-storchennest.ch\/site\/#website","url":"https:\/\/www.kita-storchennest.ch\/site\/","name":"Kita Storchennest Grossaffoltern","description":"Wengistrasse 7, 3257 Grossaffoltern","publisher":{"@id":"https:\/\/www.kita-storchennest.ch\/site\/#organization"},"potentialAction":[{"@type":"SearchAction","target":{"@type":"EntryPoint","urlTemplate":"https:\/\/www.kita-storchennest.ch\/site\/?s={search_term_string}"},"query-input":{"@type":"PropertyValueSpecification","valueRequired":true,"valueName":"search_term_string"}}],"inLanguage":"de"},{"@type":"Organization","@id":"https:\/\/www.kita-storchennest.ch\/site\/#organization","name":"Kita Storchennest, Grossalffoltern","url":"https:\/\/www.kita-storchennest.ch\/site\/","logo":{"@type":"ImageObject","inLanguage":"de","@id":"https:\/\/www.kita-storchennest.ch\/site\/#\/schema\/logo\/image\/","url":"https:\/\/www.kita-storchennest.ch\/site\/wp-content\/uploads\/2022\/12\/cropped-Storchennest-1.jpg","contentUrl":"https:\/\/www.kita-storchennest.ch\/site\/wp-content\/uploads\/2022\/12\/cropped-Storchennest-1.jpg","width":512,"height":512,"caption":"Kita Storchennest, Grossalffoltern"},"image":{"@id":"https:\/\/www.kita-storchennest.ch\/site\/#\/schema\/logo\/image\/"}}]}},"_links":{"self":[{"href":"https:\/\/www.kita-storchennest.ch\/site\/wp-json\/wp\/v2\/pages\/49","targetHints":{"allow":["GET"]}}],"collection":[{"href":"https:\/\/www.kita-storchennest.ch\/site\/wp-json\/wp\/v2\/pages"}],"about":[{"href":"https:\/\/www.kita-storchennest.ch\/site\/wp-json\/wp\/v2\/types\/page"}],"author":[{"embeddable":true,"href":"https:\/\/www.kita-storchennest.ch\/site\/wp-json\/wp\/v2\/users\/1"}],"replies":[{"embeddable":true,"href":"https:\/\/www.kita-storchennest.ch\/site\/wp-json\/wp\/v2\/comments?post=49"}],"version-history":[{"count":4,"href":"https:\/\/www.kita-storchennest.ch\/site\/wp-json\/wp\/v2\/pages\/49\/revisions"}],"predecessor-version":[{"id":2894,"href":"https:\/\/www.kita-storchennest.ch\/site\/wp-json\/wp\/v2\/pages\/49\/revisions\/2894"}],"wp:attachment":[{"href":"https:\/\/www.kita-storchennest.ch\/site\/wp-json\/wp\/v2\/media?parent=49"}],"curies":[{"name":"wp","href":"https:\/\/api.w.org\/{rel}","templated":true}]}}