{"id":58,"date":"2015-01-24T21:18:40","date_gmt":"2015-01-24T21:18:40","guid":{"rendered":"http:\/\/www.kita-storchennest.ch\/site\/?page_id=58"},"modified":"2017-07-17T16:24:06","modified_gmt":"2017-07-17T14:24:06","slug":"leitsaetze","status":"publish","type":"page","link":"https:\/\/www.kita-storchennest.ch\/site\/leitsaetze\/","title":{"rendered":"Leitbild \/ Leits\u00e4tze"},"content":{"rendered":"<p><strong>Version: 01\/15<\/strong><\/p>\n<p><strong>Autor: Mich\u00e8le Kocher<\/strong><\/p>\n<p><strong>Ort, Datum: Grossaffoltern, 26.02.2015<br \/>\n<\/strong><\/p>\n<p>&nbsp;<\/p>\n<p>&nbsp;<\/p>\n<h1><strong>Leitbild<\/strong><\/h1>\n<h4><strong>Sicherheit und Geborgenheit<\/strong><\/h4>\n<p>Die Kindergruppe und das Wohlergehen jedes einzelnen Kindes steht im Zentrum unserer t\u00e4glichen Arbeit. Wir achten das Einzigartige in jedem Kind. Die Bezugspersonen vermitteln den Kindern Sicherheit, Geborgenheit und Trost.<\/p>\n<h4><strong>R\u00e4ume&nbsp;<\/strong><\/h4>\n<p>Die Kitar\u00e4ume sind ganz auf die Bed\u00fcrfnisse der Kinder eingerichtet. So gibt es R\u00e4ume zum Bauen und Herumpurzeln, wie auch einen Schlaf- und Ruheraum. Die Bastel- und B\u00fccherecken warten zudem darauf, von den Kindern erobert zu werden.<\/p>\n<h4><strong>Natur und Bewegung<\/strong><\/h4>\n<p>Es ist uns ein Anliegen, dass sich&nbsp;die Kinder mindestens einmal pro Tag und bei jedem Wetter im Garten oder in der nahen Natur aufhalten und bewegen k\u00f6nnen.<\/p>\n<h4><strong>Struktur<\/strong><\/h4>\n<p>Ein klarer Tagesablauf mit wenigen Unterbr\u00fcchen, klaren Regeln und Grenzen&nbsp;gibt Sicherheit. Die Kinder brauchen Ruhe und&nbsp;Geborgenheit um die Welt zu entdecken. T\u00e4glich wiederkehrende Rituale erleichtern die Orientierung im Lauf des Tages.<\/p>\n<h4><strong>Selbst\u00e4ndigkeit<\/strong><\/h4>\n<p>Wir unterst\u00fctzen die&nbsp;Kinder auf ihrem Weg zu neuen F\u00e4higkeiten und&nbsp;best\u00e4rken sie&nbsp;in ihrem Tun.&nbsp;Zudem&nbsp;fordern und f\u00f6rdern wir sie in Neuem, indem die Kinder angeleitet und motiviert werden, Dinge selbst\u00e4ndig oder nur mit kleinen Hilfestellungen zu tun.<\/p>\n<h4><strong>Mahlzeiten<\/strong><\/h4>\n<p>Gesunde und ausgewogene Ern\u00e4hrung ist uns sehr wichtig. Wir achten darauf, regionale und saisonale Produkte zu verwenden. In der grossen K\u00fcche werden die Mahlzeiten gemeinsam mit den Kindern, t\u00e4glich frisch zubereitet und eingenommen. Dabei wird kein Kind zum Essen gezwungen, sondern beim Nachahmen der Anderen und der Betreuerinnen&nbsp;dazu&nbsp;angeregt, neues zu probieren.<\/p>\n<p>&nbsp;<\/p>\n<h1><strong>Leits\u00e4tze<br \/>\n<\/strong><\/h1>\n<p>Wir akzeptieren jedes Kind mit all seinen St\u00e4rken und Schw\u00e4chen und haben es gerne.<\/p>\n<p>Wir respektieren das Kind als Mensch, so wie wir selber respektiert werden wollen.<\/p>\n<p>Wir h\u00f6ren den Kindern zu und lassen sie ausreden.<\/p>\n<p>Wir unterst\u00fctzen die Kinder in ihrem selbst\u00e4ndigen Tun, indem wir sie altersentsprechend f\u00f6rdern und fordern.<\/p>\n<p>Wir wenden weder physische noch psychische Gewalt an.<\/p>\n<p>Jedes Kind ist wertvoll und verdient unser Vertrauen und unsere Aufmerksamkeit.<\/p>\n<p>Wir beziehen die Kinder und ihre L\u00f6sungsvorschl\u00e4ge in die Ausarbeitung von Regeln und Grenzen ein.<\/p>\n<p>&nbsp;<\/p>\n<p>&nbsp;<\/p>\n<p>&nbsp;<\/p>\n<p>&nbsp;<\/p>\n","protected":false},"excerpt":{"rendered":"<p>Version: 01\/15 Autor: Mich\u00e8le Kocher Ort, Datum: Grossaffoltern, 26.02.2015 &nbsp; &nbsp; Leitbild Sicherheit und Geborgenheit Die Kindergruppe und das Wohlergehen jedes einzelnen Kindes steht im Zentrum unserer t\u00e4glichen Arbeit. Wir achten das Einzigartige in jedem Kind. Die Bezugspersonen vermitteln den Kindern Sicherheit, Geborgenheit und Trost. R\u00e4ume&nbsp; Die Kitar\u00e4ume sind ganz auf die Bed\u00fcrfnisse der Kinder &hellip; <\/p>\n<p class=\"link-more\"><a href=\"https:\/\/www.kita-storchennest.ch\/site\/leitsaetze\/\" class=\"more-link\"><span class=\"screen-reader-text\">\u201eLeitbild \/ Leits\u00e4tze\u201c <\/span>weiterlesen<\/a><\/p>\n","protected":false},"author":1,"featured_media":0,"parent":0,"menu_order":0,"comment_status":"closed","ping_status":"closed","template":"","meta":{"ngg_post_thumbnail":0,"footnotes":""},"class_list":["post-58","page","type-page","status-publish","hentry"],"yoast_head":"<!-- This site is optimized with the Yoast SEO plugin v27.5 - https:\/\/yoast.com\/product\/yoast-seo-wordpress\/ -->\n<title>Leitbild \/ Leits\u00e4tze &#187; Kita Storchennest Grossaffoltern<\/title>\n<meta name=\"robots\" content=\"index, follow, max-snippet:-1, max-image-preview:large, max-video-preview:-1\" \/>\n<link rel=\"canonical\" href=\"https:\/\/www.kita-storchennest.ch\/site\/leitsaetze\/\" \/>\n<meta property=\"og:locale\" content=\"de_DE\" \/>\n<meta property=\"og:type\" content=\"article\" \/>\n<meta property=\"og:title\" content=\"Leitbild \/ Leits\u00e4tze &#187; Kita Storchennest Grossaffoltern\" \/>\n<meta property=\"og:description\" content=\"Version: 01\/15 Autor: Mich\u00e8le Kocher Ort, Datum: Grossaffoltern, 26.02.2015 &nbsp; &nbsp; Leitbild Sicherheit und Geborgenheit Die Kindergruppe und das Wohlergehen jedes einzelnen Kindes steht im Zentrum unserer t\u00e4glichen Arbeit. Wir achten das Einzigartige in jedem Kind. Die Bezugspersonen vermitteln den Kindern Sicherheit, Geborgenheit und Trost. R\u00e4ume&nbsp; Die Kitar\u00e4ume sind ganz auf die Bed\u00fcrfnisse der Kinder &hellip; \u201eLeitbild \/ Leits\u00e4tze\u201c weiterlesen\" \/>\n<meta property=\"og:url\" content=\"https:\/\/www.kita-storchennest.ch\/site\/leitsaetze\/\" \/>\n<meta property=\"og:site_name\" content=\"Kita Storchennest Grossaffoltern\" \/>\n<meta property=\"article:modified_time\" content=\"2017-07-17T14:24:06+00:00\" \/>\n<meta name=\"twitter:card\" content=\"summary_large_image\" \/>\n<meta name=\"twitter:label1\" content=\"Gesch\u00e4tzte Lesezeit\" \/>\n\t<meta name=\"twitter:data1\" content=\"2\u00a0Minuten\" \/>\n<script type=\"application\/ld+json\" class=\"yoast-schema-graph\">{\"@context\":\"https:\\\/\\\/schema.org\",\"@graph\":[{\"@type\":\"WebPage\",\"@id\":\"https:\\\/\\\/www.kita-storchennest.ch\\\/site\\\/leitsaetze\\\/\",\"url\":\"https:\\\/\\\/www.kita-storchennest.ch\\\/site\\\/leitsaetze\\\/\",\"name\":\"Leitbild \\\/ Leits\u00e4tze &#187; Kita Storchennest Grossaffoltern\",\"isPartOf\":{\"@id\":\"https:\\\/\\\/www.kita-storchennest.ch\\\/site\\\/#website\"},\"datePublished\":\"2015-01-24T21:18:40+00:00\",\"dateModified\":\"2017-07-17T14:24:06+00:00\",\"breadcrumb\":{\"@id\":\"https:\\\/\\\/www.kita-storchennest.ch\\\/site\\\/leitsaetze\\\/#breadcrumb\"},\"inLanguage\":\"de\",\"potentialAction\":[{\"@type\":\"ReadAction\",\"target\":[\"https:\\\/\\\/www.kita-storchennest.ch\\\/site\\\/leitsaetze\\\/\"]}]},{\"@type\":\"BreadcrumbList\",\"@id\":\"https:\\\/\\\/www.kita-storchennest.ch\\\/site\\\/leitsaetze\\\/#breadcrumb\",\"itemListElement\":[{\"@type\":\"ListItem\",\"position\":1,\"name\":\"Startseite\",\"item\":\"https:\\\/\\\/www.kita-storchennest.ch\\\/site\\\/\"},{\"@type\":\"ListItem\",\"position\":2,\"name\":\"Leitbild \\\/ Leits\u00e4tze\"}]},{\"@type\":\"WebSite\",\"@id\":\"https:\\\/\\\/www.kita-storchennest.ch\\\/site\\\/#website\",\"url\":\"https:\\\/\\\/www.kita-storchennest.ch\\\/site\\\/\",\"name\":\"Kita Storchennest Grossaffoltern\",\"description\":\"Wengistrasse 7, 3257 Grossaffoltern\",\"publisher\":{\"@id\":\"https:\\\/\\\/www.kita-storchennest.ch\\\/site\\\/#organization\"},\"potentialAction\":[{\"@type\":\"SearchAction\",\"target\":{\"@type\":\"EntryPoint\",\"urlTemplate\":\"https:\\\/\\\/www.kita-storchennest.ch\\\/site\\\/?s={search_term_string}\"},\"query-input\":{\"@type\":\"PropertyValueSpecification\",\"valueRequired\":true,\"valueName\":\"search_term_string\"}}],\"inLanguage\":\"de\"},{\"@type\":\"Organization\",\"@id\":\"https:\\\/\\\/www.kita-storchennest.ch\\\/site\\\/#organization\",\"name\":\"Kita Storchennest, Grossalffoltern\",\"url\":\"https:\\\/\\\/www.kita-storchennest.ch\\\/site\\\/\",\"logo\":{\"@type\":\"ImageObject\",\"inLanguage\":\"de\",\"@id\":\"https:\\\/\\\/www.kita-storchennest.ch\\\/site\\\/#\\\/schema\\\/logo\\\/image\\\/\",\"url\":\"https:\\\/\\\/www.kita-storchennest.ch\\\/site\\\/wp-content\\\/uploads\\\/2022\\\/12\\\/cropped-Storchennest-1.jpg\",\"contentUrl\":\"https:\\\/\\\/www.kita-storchennest.ch\\\/site\\\/wp-content\\\/uploads\\\/2022\\\/12\\\/cropped-Storchennest-1.jpg\",\"width\":512,\"height\":512,\"caption\":\"Kita Storchennest, Grossalffoltern\"},\"image\":{\"@id\":\"https:\\\/\\\/www.kita-storchennest.ch\\\/site\\\/#\\\/schema\\\/logo\\\/image\\\/\"}}]}<\/script>\n<!-- \/ Yoast SEO plugin. -->","yoast_head_json":{"title":"Leitbild \/ Leits\u00e4tze &#187; Kita Storchennest Grossaffoltern","robots":{"index":"index","follow":"follow","max-snippet":"max-snippet:-1","max-image-preview":"max-image-preview:large","max-video-preview":"max-video-preview:-1"},"canonical":"https:\/\/www.kita-storchennest.ch\/site\/leitsaetze\/","og_locale":"de_DE","og_type":"article","og_title":"Leitbild \/ Leits\u00e4tze &#187; Kita Storchennest Grossaffoltern","og_description":"Version: 01\/15 Autor: Mich\u00e8le Kocher Ort, Datum: Grossaffoltern, 26.02.2015 &nbsp; &nbsp; Leitbild Sicherheit und Geborgenheit Die Kindergruppe und das Wohlergehen jedes einzelnen Kindes steht im Zentrum unserer t\u00e4glichen Arbeit. Wir achten das Einzigartige in jedem Kind. Die Bezugspersonen vermitteln den Kindern Sicherheit, Geborgenheit und Trost. R\u00e4ume&nbsp; Die Kitar\u00e4ume sind ganz auf die Bed\u00fcrfnisse der Kinder &hellip; \u201eLeitbild \/ Leits\u00e4tze\u201c weiterlesen","og_url":"https:\/\/www.kita-storchennest.ch\/site\/leitsaetze\/","og_site_name":"Kita Storchennest Grossaffoltern","article_modified_time":"2017-07-17T14:24:06+00:00","twitter_card":"summary_large_image","twitter_misc":{"Gesch\u00e4tzte Lesezeit":"2\u00a0Minuten"},"schema":{"@context":"https:\/\/schema.org","@graph":[{"@type":"WebPage","@id":"https:\/\/www.kita-storchennest.ch\/site\/leitsaetze\/","url":"https:\/\/www.kita-storchennest.ch\/site\/leitsaetze\/","name":"Leitbild \/ Leits\u00e4tze &#187; Kita Storchennest Grossaffoltern","isPartOf":{"@id":"https:\/\/www.kita-storchennest.ch\/site\/#website"},"datePublished":"2015-01-24T21:18:40+00:00","dateModified":"2017-07-17T14:24:06+00:00","breadcrumb":{"@id":"https:\/\/www.kita-storchennest.ch\/site\/leitsaetze\/#breadcrumb"},"inLanguage":"de","potentialAction":[{"@type":"ReadAction","target":["https:\/\/www.kita-storchennest.ch\/site\/leitsaetze\/"]}]},{"@type":"BreadcrumbList","@id":"https:\/\/www.kita-storchennest.ch\/site\/leitsaetze\/#breadcrumb","itemListElement":[{"@type":"ListItem","position":1,"name":"Startseite","item":"https:\/\/www.kita-storchennest.ch\/site\/"},{"@type":"ListItem","position":2,"name":"Leitbild \/ Leits\u00e4tze"}]},{"@type":"WebSite","@id":"https:\/\/www.kita-storchennest.ch\/site\/#website","url":"https:\/\/www.kita-storchennest.ch\/site\/","name":"Kita Storchennest Grossaffoltern","description":"Wengistrasse 7, 3257 Grossaffoltern","publisher":{"@id":"https:\/\/www.kita-storchennest.ch\/site\/#organization"},"potentialAction":[{"@type":"SearchAction","target":{"@type":"EntryPoint","urlTemplate":"https:\/\/www.kita-storchennest.ch\/site\/?s={search_term_string}"},"query-input":{"@type":"PropertyValueSpecification","valueRequired":true,"valueName":"search_term_string"}}],"inLanguage":"de"},{"@type":"Organization","@id":"https:\/\/www.kita-storchennest.ch\/site\/#organization","name":"Kita Storchennest, Grossalffoltern","url":"https:\/\/www.kita-storchennest.ch\/site\/","logo":{"@type":"ImageObject","inLanguage":"de","@id":"https:\/\/www.kita-storchennest.ch\/site\/#\/schema\/logo\/image\/","url":"https:\/\/www.kita-storchennest.ch\/site\/wp-content\/uploads\/2022\/12\/cropped-Storchennest-1.jpg","contentUrl":"https:\/\/www.kita-storchennest.ch\/site\/wp-content\/uploads\/2022\/12\/cropped-Storchennest-1.jpg","width":512,"height":512,"caption":"Kita Storchennest, Grossalffoltern"},"image":{"@id":"https:\/\/www.kita-storchennest.ch\/site\/#\/schema\/logo\/image\/"}}]}},"_links":{"self":[{"href":"https:\/\/www.kita-storchennest.ch\/site\/wp-json\/wp\/v2\/pages\/58","targetHints":{"allow":["GET"]}}],"collection":[{"href":"https:\/\/www.kita-storchennest.ch\/site\/wp-json\/wp\/v2\/pages"}],"about":[{"href":"https:\/\/www.kita-storchennest.ch\/site\/wp-json\/wp\/v2\/types\/page"}],"author":[{"embeddable":true,"href":"https:\/\/www.kita-storchennest.ch\/site\/wp-json\/wp\/v2\/users\/1"}],"replies":[{"embeddable":true,"href":"https:\/\/www.kita-storchennest.ch\/site\/wp-json\/wp\/v2\/comments?post=58"}],"version-history":[{"count":5,"href":"https:\/\/www.kita-storchennest.ch\/site\/wp-json\/wp\/v2\/pages\/58\/revisions"}],"predecessor-version":[{"id":1767,"href":"https:\/\/www.kita-storchennest.ch\/site\/wp-json\/wp\/v2\/pages\/58\/revisions\/1767"}],"wp:attachment":[{"href":"https:\/\/www.kita-storchennest.ch\/site\/wp-json\/wp\/v2\/media?parent=58"}],"curies":[{"name":"wp","href":"https:\/\/api.w.org\/{rel}","templated":true}]}}